{"id":442,"date":"2025-01-22T21:14:24","date_gmt":"2025-01-22T20:14:24","guid":{"rendered":"https:\/\/janinedestin.fr\/?page_id=442"},"modified":"2025-01-28T19:41:05","modified_gmt":"2025-01-28T18:41:05","slug":"a-propos","status":"publish","type":"page","link":"https:\/\/janinedestin.fr\/?page_id=442","title":{"rendered":"A propos"},"content":{"rendered":"\n<div style=\"height:100px\" aria-hidden=\"true\" class=\"wp-block-spacer\"><\/div>\n\n\n\n<div class=\"wp-block-columns is-layout-flex wp-container-core-columns-is-layout-28f84493 wp-block-columns-is-layout-flex\">\n<div class=\"wp-block-column is-layout-flow wp-block-column-is-layout-flow\">\n<h2 class=\"wp-block-heading\"><strong>Janine Destin est l&rsquo;anagramme de mon propre nom Nadine Jestin<\/strong><\/h2>\n<\/div>\n\n\n\n<div class=\"wp-block-column is-layout-flow wp-block-column-is-layout-flow\"><\/div>\n<\/div>\n\n\n\n<figure class=\"wp-block-image aligncenter size-large\"><img loading=\"lazy\" decoding=\"async\" width=\"1024\" height=\"140\" src=\"https:\/\/janinedestin.fr\/wp-content\/uploads\/2025\/01\/Au-fil-du-temps-SANS-marge_BD-1024x140.jpg\" alt=\"\" class=\"wp-image-505\" srcset=\"https:\/\/janinedestin.fr\/wp-content\/uploads\/2025\/01\/Au-fil-du-temps-SANS-marge_BD-1024x140.jpg 1024w, https:\/\/janinedestin.fr\/wp-content\/uploads\/2025\/01\/Au-fil-du-temps-SANS-marge_BD-300x41.jpg 300w, https:\/\/janinedestin.fr\/wp-content\/uploads\/2025\/01\/Au-fil-du-temps-SANS-marge_BD-768x105.jpg 768w, https:\/\/janinedestin.fr\/wp-content\/uploads\/2025\/01\/Au-fil-du-temps-SANS-marge_BD-1536x211.jpg 1536w, https:\/\/janinedestin.fr\/wp-content\/uploads\/2025\/01\/Au-fil-du-temps-SANS-marge_BD-2048x281.jpg 2048w\" sizes=\"auto, (max-width: 1024px) 100vw, 1024px\" \/><\/figure>\n\n\n\n<div class=\"wp-block-columns is-layout-flex wp-container-core-columns-is-layout-28f84493 wp-block-columns-is-layout-flex\">\n<div class=\"wp-block-column is-layout-flow wp-block-column-is-layout-flow\"><\/div>\n\n\n\n<div class=\"wp-block-column is-layout-flow wp-block-column-is-layout-flow\">\n<h4 class=\"wp-block-heading\">Ce jeu de lettres refl\u00e8te une conviction qui m\u2019anime profond\u00e9ment : nous portons tous en nous plusieurs facettes, des nuances parfois cach\u00e9es, parfois \u00e9clatantes, qui m\u00e9ritent d\u2019\u00eatre r\u00e9v\u00e9l\u00e9es. Mes s\u00e9ances portraits sont con\u00e7ues pour explorer et raconter ces multiples dimensions de votre identit\u00e9.<\/h4>\n<\/div>\n<\/div>\n\n\n\n<div class=\"wp-block-columns is-layout-flex wp-container-core-columns-is-layout-28f84493 wp-block-columns-is-layout-flex\">\n<div class=\"wp-block-column is-layout-flow wp-block-column-is-layout-flow\" style=\"flex-basis:33.33%\"><\/div>\n\n\n\n<div class=\"wp-block-column is-layout-flow wp-block-column-is-layout-flow\" style=\"flex-basis:66.66%\">\n<p>Je suis auteure photographe depuis une dizaine d&rsquo;ann\u00e9es. Je suis n\u00e9e \u00e0 Brest o\u00f9 j&rsquo;ai v\u00e9cu pendant 20 ans. Les vingt ann\u00e9es suivantes, j&rsquo;ai beaucoup voyag\u00e9, beaucoup d\u00e9m\u00e9nag\u00e9 et connu une premi\u00e8re vie professionnelle dans le monde du tourisme. Je suis install\u00e9e \u00e0 Marseille depuis 5 ans. J&rsquo;ai 44 ans.<br><br>En plus des portraits, je r\u00e9alise des s\u00e9ries personnelles. Ce travail photographique est expos\u00e9 dans le cadre de festival (Planches Contact \u00e0 Deauville, Festival de la Baie de Saint-Brieuc, Pluie d&rsquo;images \u00e0 Brest, Festival off des rencontres de la Photographie \u00e0 Arles etc.) <\/p>\n<\/div>\n<\/div>\n\n\n\n<p><\/p>\n","protected":false},"excerpt":{"rendered":"<p>Janine Destin est l&rsquo;anagramme de mon propre nom Nadine Jestin Ce jeu de lettres refl\u00e8te une conviction qui m\u2019anime profond\u00e9ment : nous portons tous en nous plusieurs facettes, des nuances parfois cach\u00e9es, parfois \u00e9clatantes, qui m\u00e9ritent d\u2019\u00eatre r\u00e9v\u00e9l\u00e9es. Mes s\u00e9ances portraits sont con\u00e7ues pour explorer et raconter ces multiples dimensions de votre identit\u00e9. Je suis [&hellip;]<\/p>\n","protected":false},"author":1,"featured_media":0,"parent":0,"menu_order":0,"comment_status":"closed","ping_status":"closed","template":"","meta":{"footnotes":""},"class_list":["post-442","page","type-page","status-publish","hentry"],"_links":{"self":[{"href":"https:\/\/janinedestin.fr\/index.php?rest_route=\/wp\/v2\/pages\/442","targetHints":{"allow":["GET"]}}],"collection":[{"href":"https:\/\/janinedestin.fr\/index.php?rest_route=\/wp\/v2\/pages"}],"about":[{"href":"https:\/\/janinedestin.fr\/index.php?rest_route=\/wp\/v2\/types\/page"}],"author":[{"embeddable":true,"href":"https:\/\/janinedestin.fr\/index.php?rest_route=\/wp\/v2\/users\/1"}],"replies":[{"embeddable":true,"href":"https:\/\/janinedestin.fr\/index.php?rest_route=%2Fwp%2Fv2%2Fcomments&post=442"}],"version-history":[{"count":13,"href":"https:\/\/janinedestin.fr\/index.php?rest_route=\/wp\/v2\/pages\/442\/revisions"}],"predecessor-version":[{"id":538,"href":"https:\/\/janinedestin.fr\/index.php?rest_route=\/wp\/v2\/pages\/442\/revisions\/538"}],"wp:attachment":[{"href":"https:\/\/janinedestin.fr\/index.php?rest_route=%2Fwp%2Fv2%2Fmedia&parent=442"}],"curies":[{"name":"wp","href":"https:\/\/api.w.org\/{rel}","templated":true}]}}