{"id":498,"date":"2025-01-27T19:14:47","date_gmt":"2025-01-27T18:14:47","guid":{"rendered":"https:\/\/janinedestin.fr\/?page_id=498"},"modified":"2025-01-27T19:14:47","modified_gmt":"2025-01-27T18:14:47","slug":"mentions-legales","status":"publish","type":"page","link":"https:\/\/janinedestin.fr\/?page_id=498","title":{"rendered":"Mentions l\u00e9gales"},"content":{"rendered":"\n<p><\/p>\n\n\n\n<p><strong>IDENTIFICATION<\/strong><br><br>Janine destin <br>EI Nadine Jestin<br>Auteure photographe<\/p>\n\n\n\n<p>SIRET 534 521 133 000\u00a056<br>+33 (0)6 61 60 12 93 &#8211; jestinadine@gmail.com<br>Domicili\u00e9e au 40 boulevard Tell\u00e8ne \u00e0 Marseille (13007)<\/p>\n\n\n\n<p><strong>SITE INTERNET<\/strong><br><br>R\u00e9alis\u00e9 avec wordpress\u00a0<br>H\u00e9bergement : ovh\u00a0<\/p>\n","protected":false},"excerpt":{"rendered":"<p>IDENTIFICATION Janine destin EI Nadine JestinAuteure photographe SIRET 534 521 133 000\u00a056+33 (0)6 61 60 12 93 &#8211; jestinadine@gmail.comDomicili\u00e9e au 40 boulevard Tell\u00e8ne \u00e0 Marseille (13007) SITE INTERNET R\u00e9alis\u00e9 avec wordpress\u00a0H\u00e9bergement : ovh\u00a0<\/p>\n","protected":false},"author":1,"featured_media":0,"parent":0,"menu_order":0,"comment_status":"closed","ping_status":"closed","template":"","meta":{"footnotes":""},"class_list":["post-498","page","type-page","status-publish","hentry"],"_links":{"self":[{"href":"https:\/\/janinedestin.fr\/index.php?rest_route=\/wp\/v2\/pages\/498","targetHints":{"allow":["GET"]}}],"collection":[{"href":"https:\/\/janinedestin.fr\/index.php?rest_route=\/wp\/v2\/pages"}],"about":[{"href":"https:\/\/janinedestin.fr\/index.php?rest_route=\/wp\/v2\/types\/page"}],"author":[{"embeddable":true,"href":"https:\/\/janinedestin.fr\/index.php?rest_route=\/wp\/v2\/users\/1"}],"replies":[{"embeddable":true,"href":"https:\/\/janinedestin.fr\/index.php?rest_route=%2Fwp%2Fv2%2Fcomments&post=498"}],"version-history":[{"count":1,"href":"https:\/\/janinedestin.fr\/index.php?rest_route=\/wp\/v2\/pages\/498\/revisions"}],"predecessor-version":[{"id":499,"href":"https:\/\/janinedestin.fr\/index.php?rest_route=\/wp\/v2\/pages\/498\/revisions\/499"}],"wp:attachment":[{"href":"https:\/\/janinedestin.fr\/index.php?rest_route=%2Fwp%2Fv2%2Fmedia&parent=498"}],"curies":[{"name":"wp","href":"https:\/\/api.w.org\/{rel}","templated":true}]}}